{"id":69,"date":"2019-10-28T19:37:16","date_gmt":"2019-10-28T19:37:16","guid":{"rendered":"http:\/\/moniqcure.nl\/?page_id=69"},"modified":"2019-11-06T19:57:35","modified_gmt":"2019-11-06T19:57:35","slug":"manicure","status":"publish","type":"page","link":"https:\/\/moniqcure.nl\/index.php\/manicure\/","title":{"rendered":"Manicure"},"content":{"rendered":"\n<p>Voor mooie verzorgde handen en nagels bent u bij MoniqCure aan het juiste adres. U kunt in de salon terecht voor diverse behandelingen.<\/p>\n\n\n\n<div class=\"wp-block-image\"><figure class=\"alignleft is-resized\"><img loading=\"lazy\" decoding=\"async\" src=\"https:\/\/moniqcure.nl\/wp-content\/uploads\/2019\/11\/MoniqCure_005.jpg\" alt=\"\" class=\"wp-image-117\" width=\"206\" height=\"154\" srcset=\"https:\/\/moniqcure.nl\/wp-content\/uploads\/2019\/11\/MoniqCure_005.jpg 1440w, https:\/\/moniqcure.nl\/wp-content\/uploads\/2019\/11\/MoniqCure_005-300x223.jpg 300w, https:\/\/moniqcure.nl\/wp-content\/uploads\/2019\/11\/MoniqCure_005-768x572.jpg 768w, https:\/\/moniqcure.nl\/wp-content\/uploads\/2019\/11\/MoniqCure_005-1024x762.jpg 1024w\" sizes=\"auto, (max-width: 206px) 100vw, 206px\" \/><figcaption>gelpolish<\/figcaption><\/figure><\/div>\n\n\n\n<p>Gellak of gelpolish is een hoge kwaliteit nagellak welke wordt aangebracht zoals een gewone nagellak, maar met een speciale lamp wordt &#8216;uitgehard&#8217;. Deze lak is geschikt voor zowel de natuurlijke nagel als de kunstnagel. MoniqCure beschikt over praktisch alle kleuren en vele varianten zoals cateye en glitter. <\/p>\n\n\n\n<div style=\"height:100px\" aria-hidden=\"true\" class=\"wp-block-spacer\"><\/div>\n\n\n\n<div class=\"wp-block-image\"><figure class=\"alignright is-resized\"><img loading=\"lazy\" decoding=\"async\" src=\"https:\/\/moniqcure.nl\/wp-content\/uploads\/2019\/11\/MoniqCure_001.jpg\" alt=\"\" class=\"wp-image-113\" width=\"160\" height=\"213\" srcset=\"https:\/\/moniqcure.nl\/wp-content\/uploads\/2019\/11\/MoniqCure_001.jpg 720w, https:\/\/moniqcure.nl\/wp-content\/uploads\/2019\/11\/MoniqCure_001-225x300.jpg 225w\" sizes=\"auto, (max-width: 160px) 100vw, 160px\" \/><figcaption>polygel<\/figcaption><\/figure><\/div>\n\n\n\n<p>Een handige alles-in-\u00e9\u00e9n formule waarmee perfecte nagels worden gecre\u00eberd bij cli\u00ebnten die niet over de gewenste lengte of dikte van nagels beschikken. De voordelen: het is 23% lichter dan acryl en 16% lichter dan traditionele harde gels, waardoor het veel natuurlijker aanvoelt en flexibeler is dan acrylproducten. De kans op lifting of loslaten is minimaal. Met Polygel zijn vele mogelijkheden, zoals babyboom en french manicure.  Prachtige hoogglans nagels met een wekenlang resultaat.  <\/p>\n\n\n\n<p><\/p>\n","protected":false},"excerpt":{"rendered":"<p>Voor mooie verzorgde handen en nagels bent u bij MoniqCure aan het juiste adres. U kunt in de salon [&hellip;]<\/p>\n","protected":false},"author":1,"featured_media":0,"parent":0,"menu_order":0,"comment_status":"closed","ping_status":"closed","template":"","meta":{"footnotes":""},"class_list":["post-69","page","type-page","status-publish","hentry"],"_links":{"self":[{"href":"https:\/\/moniqcure.nl\/index.php\/wp-json\/wp\/v2\/pages\/69","targetHints":{"allow":["GET"]}}],"collection":[{"href":"https:\/\/moniqcure.nl\/index.php\/wp-json\/wp\/v2\/pages"}],"about":[{"href":"https:\/\/moniqcure.nl\/index.php\/wp-json\/wp\/v2\/types\/page"}],"author":[{"embeddable":true,"href":"https:\/\/moniqcure.nl\/index.php\/wp-json\/wp\/v2\/users\/1"}],"replies":[{"embeddable":true,"href":"https:\/\/moniqcure.nl\/index.php\/wp-json\/wp\/v2\/comments?post=69"}],"version-history":[{"count":6,"href":"https:\/\/moniqcure.nl\/index.php\/wp-json\/wp\/v2\/pages\/69\/revisions"}],"predecessor-version":[{"id":125,"href":"https:\/\/moniqcure.nl\/index.php\/wp-json\/wp\/v2\/pages\/69\/revisions\/125"}],"wp:attachment":[{"href":"https:\/\/moniqcure.nl\/index.php\/wp-json\/wp\/v2\/media?parent=69"}],"curies":[{"name":"wp","href":"https:\/\/api.w.org\/{rel}","templated":true}]}}