{"id":212,"date":"2020-04-15T14:17:16","date_gmt":"2020-04-15T14:17:16","guid":{"rendered":"http:\/\/moniqcure.nl\/?page_id=212"},"modified":"2020-04-15T14:24:27","modified_gmt":"2020-04-15T14:24:27","slug":"algemene-voorwaarden","status":"publish","type":"page","link":"https:\/\/moniqcure.nl\/index.php\/algemene-voorwaarden\/","title":{"rendered":"Algemene voorwaarden"},"content":{"rendered":"\n<p><strong>ALGEMENE VOORWAARDEN<\/strong><\/p>\n\n\n\n<p>Artikel 1. Toepasselijkheid<br>Deze Algemene Voorwaarden zijn van toepassing op alle diensten en leveringen van MoniqCure en op alle met voetverzorging van MoniqCure aangegane overeenkomsten voor zover van deze Algemene Voorwaarden niet door partijen uitdrukkelijk en schriftelijk is afgeweken.<br>Onder cli\u00ebnt wordt verstaan elke natuurlijke persoon of rechtspersoon die met MoniqCure in een contractuele relatie van welke aard dan ook staat of komt te staan.<br>Het accepteren van een aanbieding dan wel het doen van een bestelling dan wel het boeken van een behandeling houdt in dat de cli\u00ebnt de toepasselijkheid van deze Algemene Voorwaarden accepteert.<br>Indien de cli\u00ebnt verwijst naar zijn\/haar voorwaarden, zijn die voorwaarden niet van toepassing tenzij hiermee uitdrukkelijk schriftelijk door MoniqCure is ingestemd.<br>Van het in deze Algemene Voorwaarden bepaalde kan uitsluitend worden afgeweken indien dit uitdrukkelijk schriftelijk is overeengekomen en in welk geval de overige bepalingen van deze Algemene Voorwaarden onverkort van kracht blijven.<br>MoniqCure behoudt zich het recht voor deze Algemene Voorwaarden te wijzigen of aan te vullen.<br>MoniqCure is bevoegd gebruik te maken van tussenpersonen en andere derden bij de uitvoering van een overeenkomst met de cli\u00ebnt. Deze Algemene Voorwaarden zijn in dat geval eveneens onverkort van toepassing.<\/p>\n\n\n\n<p>Artikel 2. Inspanningen<br>MoniqCure zal de behandelingen naar beste inzicht en vermogen en overeenkomstig de eisen van goed vakmanschap uitvoeren en op grond van de op dat moment bekende stand der wetenschap. MoniqCure zal zoveel als redelijkerwijs mogelijk is de cli\u00ebnt inlichten over financi\u00eble consequenties van de wijziging of aanvulling van de behandeling.<\/p>\n\n\n\n<p>Artikel 3. Het boeken van een behandeling en annuleringsvoorwaarden<\/p>\n\n\n\n<p>3.1 Het boeken van een behandeling<br>Behandelingen geschieden uitsluitend op afspraak.<\/p>\n\n\n\n<p>3.2 Annulering door cli\u00ebnt<br>De cli\u00ebnt moet verhindering voor een afspraak zo spoedig mogelijk, doch uiterlijk 24 uur voorafgaande aan de afspraak aan MoniqCure melden. Indien de cli\u00ebnt deze verplichting niet of niet tijdig nakomt, mag MoniqCure het gehele honorarium voor de afgesproken behandeling aan de cli\u00ebnt berekenen.<\/p>\n\n\n\n<p>3.3 Annulering door MoniqCure<br>MoniqCure moet verhindering voor een afspraak zo spoedig mogelijk, voorafgaande aan de afspraak aan de cli\u00ebnt melden.<\/p>\n\n\n\n<p>3.4 Tijdig aanwezig zijn voor de behandeling<br>De cli\u00ebnt dient vijf minuten voor aanvang van de besproken behandeling aanwezig te zijn op de locatie van de behandeling. Indien de cli\u00ebnt meer dan vijf minuten later dan de afgesproken tijd op de locatie arriveert, mag MoniqCure de verloren tijd inkorten op de behandeling en toch het gehele afgesproken honorarium berekenen. Indien cli\u00ebnt meer dan dertig minuten later dan de afgesproken tijd arriveert op de locatie van de behandeling kan MoniqCure de afspraak annuleren en het gehele afgesproken honorarium berekenen.<\/p>\n\n\n\n<p>3.5 Overmacht<br>Beide partijen zijn niet gehouden tot het nakomen van de onder leden 3.2 t\/m 3.4 genoemde voorwaarden indien men daartoe gehinderd wordt als gevolg van een omstandigheid die niet is te wijten aan schuld, en noch krachtens de wet, een rechtshandeling of in het verkeer geldende opvattingen voor zijn rekening komt. Onder overmacht wordt in deze algemene voorwaarden verstaan, naast hetgeen daaromtrent in de wet en jurisprudentie wordt begrepen, alle van buitenkomende oorzaken, voorzien of niet-voorzien, waarop MoniqCure of cli\u00ebnt geen invloed kan uitoefenen, doch waardoor MoniqCure of cli\u00ebnt niet in staat is haar verplichtingen na te komen.<\/p>\n\n\n\n<p>Artikel 4. Betaling<br>MoniqCure vermeldt alle prijzen van behandelingen en producten zichtbaar in de praktijkruimte en op de website www.moniqcure.nl. Daarnaast zijn actuele prijslijsten opvraagbaar bij MoniqCure.<br>De gemelde prijzen zijn in euro\u2019s en inclusief BTW.<br>MoniqCure behoudt zich het recht voor prijswijzigingen door te voeren indien zij dit nodig acht. Prijswijzigingen worden minimaal 30 dagen voor invoering kenbaar gemaakt in de praktijk en op de website www.moniqcure.nl. Aanbiedingen in advertenties zijn geldig in de aangegeven looptijd en\/of zolang de voorraad strekt.<br>De cli\u00ebnt dient direct na afloop van de behandeling de betaling van de behandeling en eventuele producten te voldoen (\u00e1 contant). Uitsluitend na overleg met MoniqCure is betaling mogelijk op rekening binnen 8 dagen.<\/p>\n\n\n\n<p>Artikel 5. Persoonsgegevens &amp; privacy<br>De cli\u00ebnt voorziet MoniqCure v\u00f3\u00f3r de eerste behandeling van alle gegevens, waarvan MoniqCure aangeeft dat deze noodzakelijk zijn of waarvan de cli\u00ebnt redelijkerwijs behoort te begrijpen dat deze noodzakelijk zijn voor het zorgvuldig uitvoeren van de behandelingen.<br>MoniqCure neemt de persoonlijke gegevens van de cli\u00ebnt op in een geautomatiseerd systeem op de klantenkaart. MoniqCure behandelt de vertrouwelijke gegevens van de cli\u00ebnt volgens de richtlijnen in de Wet Bescherming Persoonsgegevens. MoniqCure zal gegevens van de cli\u00ebnt niet aan derden verstrekken zonder schriftelijke toestemming vooraf van de cli\u00ebnt.<\/p>\n\n\n\n<p>Artikel 6. Geheimhouding<br>MoniqCure is verplicht tot geheimhouding van alle vertrouwelijke informatie die de cli\u00ebnt heeft medegedeeld tijdens de behandeling. Informatie geldt als vertrouwelijk als dit door de cli\u00ebnt is medegedeeld of als dit voortvloeit uit de aard van de informatie. De geheimhouding vervalt indien, op grond van een wettelijke bepaling of een rechterlijke uitspraak, MoniqCure verplicht is de vertrouwelijke informatie aan derden te verstrekken.<\/p>\n\n\n\n<p>Artikel 7. Aansprakelijkheid<br>MoniqCure is niet aansprakelijk voor schade, van welke aard ook, ontstaan doordat MoniqCure is uitgegaan van door de cli\u00ebnt verstrekte onjuiste en\/of onvolledige informatie over relevante lichamelijke aandoeningen, medicijngebruik, werkzaamheden of vrijetijdsbesteding.<br>MoniqCure is niet aansprakelijk voor verlies, diefstal of beschadiging van persoonlijke eigendommen die de cli\u00ebnt heeft meegenomen naar de praktijk of locatie van behandeling.<\/p>\n\n\n\n<p>Artikel 8. Garantie<br>MoniqCure geeft de cli\u00ebnt \u00e9\u00e9n week (7 dagen) garantie op de behandeling en de producten. Deze garantie vervalt indien:<br>\u2013 De cli\u00ebnt het advies om medische hulp te zoeken niet binnen vijf werkdagen heeft opgevolgd.<br>\u2013 De cli\u00ebnt de producten niet volgens de bijsluiter, gebruiksaanwijzing of de aanwijzingen van MoniqCure heeft gebruikt.<\/p>\n\n\n\n<p>Artikel 9. Beschadiging &amp; diefstal<br>MoniqCure heeft het recht van de cli\u00ebnt een schadevergoeding te eisen indien de cli\u00ebnt meubilair, apparatuur of producten beschadigt. MoniqCure meldt diefstal altijd bij de politie.<\/p>\n\n\n\n<p>Artikel 10. Klachten<br>Het verdient sterke aanbeveling tekortkomingen per ommegaande na het ontdekken of kunnen ontdekken daarvan schriftelijk dan wel elektronisch bij MoniqCure in te dienen. MoniqCure dient klachten afdoende te onderzoeken. MoniqCure zal eventuele tekortkomingen zo mogelijk herstellen binnen een redelijke termijn, tenzij zulks in verband met de omstandigheden in redelijkheid niet kan worden gevergd.<br>Als de klacht niet in onderling overleg naar tevredenheid kan worden opgelost, ontstaat een geschil dat kan worden voorgelegd aan de Geschillencommissie van de uiterlijke verzorgingsbranche. MoniqCure verstrekt in dat geval informatie over de geschillencommissie van de uiterlijke verzorgingsbranche aan de cli\u00ebnt.<\/p>\n\n\n\n<p>Artikel 11. Geschillenregeling<br>Geschillen tussen cli\u00ebnt en MoniqCure over totstandkoming of de uitvoering van de overeenkomsten, kunnen zowel door de cli\u00ebnt als door MoniqCure aanhangig worden gemaakt bij de Geschillencommissie (www.degeschillencommissie.nl).<\/p>\n\n\n\n<p>Een geschil wordt door de Geschillencommissie slechts in behandeling genomen, indien de cli\u00ebnt zijn klacht eerst bij MoniqCure heeft ingediend.<\/p>\n\n\n\n<p>Nadat de klacht bij MoniqCure is ingediend, moet het geschil uiterlijk drie maanden na het ontstaan daarvan bij de Geschillencommissie aanhangig worden gemaakt.<\/p>\n\n\n\n<p>Wanneer de cli\u00ebnt een geschil aanhangig maakt bij de geschillencommissie, is MoniqCure aan deze keuze gebonden. Indien MoniqCure een geschil aanhangig wil maken bij de Geschillencommissie, moet hij de cli\u00ebnt vragen zich binnen vijf weken uit te spreken of hij daarmee akkoord gaat. MoniqCure dient daarbij aan te kondigen dat hij zich na het verstrijken van de voornoemde termijn vrij zal achten het geschil bij de rechter aanhangig te maken.<\/p>\n\n\n\n<p>De Geschillencommissie doet uitspraak met inachtneming van de bepalingen van het voor haar geldende reglement. De beslissingen van de Geschillencommissie geschieden krachtens dat reglement bij wege van bindend advies. Het reglement wordt desgevraagd toegezonden. Voor de behandeling van een geschil is een vergoeding verschuldigd.<\/p>\n\n\n\n<p>Uitsluitend de rechter dan wel de hierboven genoemde geschillencommissie is bevoegd van geschillen kennis te nemen.<\/p>\n\n\n\n<p>Artikel 12. Behoorlijk gedrag<br>De cli\u00ebnt behoort zich in de praktijk behoorlijk te gedragen volgens algemeen aanvaarde normen. Indien de cli\u00ebnt na herhaaldelijke waarschuwingen onbehoorlijk gedrag blijft vertonen, heeft MoniqCure het recht de cli\u00ebnt de toegang tot de praktijk te weigeren zonder opgaaf van redenen.<\/p>\n\n\n\n<p>Artikel 13. Recht<br>Op elke overeenkomst tussen MoniqCure en de cli\u00ebnt is Nederlands recht van toepassing.<\/p>\n\n\n\n<p>Ingeval van uitleg van de inhoud en strekking van deze algemene voorwaarden, is de Nederlandse tekst daarvan steeds bepalend. Van toepassing is steeds de laatst gedeponeerde versie c.q. de versie zoals die gold ten tijde van het tot stand komen van de overeenkomst.<\/p>\n","protected":false},"excerpt":{"rendered":"<p>ALGEMENE VOORWAARDEN Artikel 1. ToepasselijkheidDeze Algemene Voorwaarden zijn van toepassing op alle diensten en leveringen van MoniqCure en op [&hellip;]<\/p>\n","protected":false},"author":1,"featured_media":0,"parent":0,"menu_order":0,"comment_status":"closed","ping_status":"closed","template":"","meta":{"footnotes":""},"class_list":["post-212","page","type-page","status-publish","hentry"],"_links":{"self":[{"href":"https:\/\/moniqcure.nl\/index.php\/wp-json\/wp\/v2\/pages\/212","targetHints":{"allow":["GET"]}}],"collection":[{"href":"https:\/\/moniqcure.nl\/index.php\/wp-json\/wp\/v2\/pages"}],"about":[{"href":"https:\/\/moniqcure.nl\/index.php\/wp-json\/wp\/v2\/types\/page"}],"author":[{"embeddable":true,"href":"https:\/\/moniqcure.nl\/index.php\/wp-json\/wp\/v2\/users\/1"}],"replies":[{"embeddable":true,"href":"https:\/\/moniqcure.nl\/index.php\/wp-json\/wp\/v2\/comments?post=212"}],"version-history":[{"count":2,"href":"https:\/\/moniqcure.nl\/index.php\/wp-json\/wp\/v2\/pages\/212\/revisions"}],"predecessor-version":[{"id":218,"href":"https:\/\/moniqcure.nl\/index.php\/wp-json\/wp\/v2\/pages\/212\/revisions\/218"}],"wp:attachment":[{"href":"https:\/\/moniqcure.nl\/index.php\/wp-json\/wp\/v2\/media?parent=212"}],"curies":[{"name":"wp","href":"https:\/\/api.w.org\/{rel}","templated":true}]}}